{"id":143,"date":"2012-08-30T10:29:22","date_gmt":"2012-08-30T09:29:22","guid":{"rendered":"http:\/\/www.cachemyday.de\/wordpress\/?page_id=143"},"modified":"2012-08-30T10:29:22","modified_gmt":"2012-08-30T09:29:22","slug":"die-cacher","status":"publish","type":"page","link":"https:\/\/cachemyday.kaineuhaus.com\/wordpress\/die-cacher\/","title":{"rendered":"Die Cacher"},"content":{"rendered":"<div style=\"text-align: center;\">\n<p><img data-recalc-dims=\"1\" loading=\"lazy\" decoding=\"async\" data-attachment-id=\"142\" data-permalink=\"https:\/\/cachemyday.kaineuhaus.com\/wordpress\/die-cacher\/geocaching_logo_cachemyday-de-edition_200width\/\" data-orig-file=\"https:\/\/i0.wp.com\/cachemyday.kaineuhaus.com\/wordpress\/wp-content\/uploads\/2012\/08\/Geocaching_Logo_Cachemyday.de-Edition_200width.jpg?fit=200%2C218&amp;ssl=1\" data-orig-size=\"200,218\" data-comments-opened=\"1\" data-image-meta=\"{&quot;aperture&quot;:&quot;0&quot;,&quot;credit&quot;:&quot;&quot;,&quot;camera&quot;:&quot;&quot;,&quot;caption&quot;:&quot;&quot;,&quot;created_timestamp&quot;:&quot;0&quot;,&quot;copyright&quot;:&quot;&quot;,&quot;focal_length&quot;:&quot;0&quot;,&quot;iso&quot;:&quot;0&quot;,&quot;shutter_speed&quot;:&quot;0&quot;,&quot;title&quot;:&quot;&quot;}\" data-image-title=\"Geocaching_Logo_(Cachemyday.de-Edition)_200width\" data-image-description=\"\" data-image-caption=\"&lt;p&gt;cachemyday.de-Geocaching-Logo&lt;\/p&gt;\n\" data-large-file=\"https:\/\/i0.wp.com\/cachemyday.kaineuhaus.com\/wordpress\/wp-content\/uploads\/2012\/08\/Geocaching_Logo_Cachemyday.de-Edition_200width.jpg?fit=200%2C218&amp;ssl=1\" class=\"size-full wp-image-142\" title=\"Geocaching_Logo_(Cachemyday.de-Edition)_200width\" src=\"https:\/\/i0.wp.com\/www.cachemyday.de\/wordpress\/wp-content\/uploads\/2012\/08\/Geocaching_Logo_Cachemyday.de-Edition_200width.jpg?resize=200%2C218\" alt=\"Geocaching_Logo_(Cachemyday.de-Edition\" width=\"200\" height=\"218\" \/><\/p>\n<\/div>\n<p style=\"text-align: center;\"><em><big>Using multi-million dollar satelites to find tupperware in the wood !<\/big><\/em><\/p>\n<p style=\"text-align: center;\">\n<p>Was geocaching ist ? In deutsch kannst du das <a title=\"OpenCaching.de\" href=\"https:\/\/www.opencaching.de\/articles.php?page=geocaching\" target=\"_blank\">hier<\/a> nachlesen. Im Gro\u00dfen und Ganzen treiben wir uns eigentlich auf <a title=\"Geocaching.com\" href=\"https:\/\/www.geocaching.com\" target=\"_blank\">geocaching.com<\/a> (daher auch das &#8211; leicht modifizierte Logo) rum, bzw. ziehen uns da unsere Updates zum Cachen !<\/p>\n<p>Wer ist denn wir ?<\/p>\n<p style=\"text-align: justify;\">\n<p style=\"text-align: justify;\"><a href=\"https:\/\/i0.wp.com\/www.cachemyday.de\/wordpress\/wp-content\/uploads\/2012\/08\/Kai-Cabrio_portait.jpg\" rel=\"lightbox[143]\"><img data-recalc-dims=\"1\" loading=\"lazy\" decoding=\"async\" data-attachment-id=\"146\" data-permalink=\"https:\/\/cachemyday.kaineuhaus.com\/wordpress\/die-cacher\/kai-cabrio_portait\/\" data-orig-file=\"https:\/\/i0.wp.com\/cachemyday.kaineuhaus.com\/wordpress\/wp-content\/uploads\/2012\/08\/Kai-Cabrio_portait.jpg?fit=600%2C800&amp;ssl=1\" data-orig-size=\"600,800\" data-comments-opened=\"1\" data-image-meta=\"{&quot;aperture&quot;:&quot;2.8&quot;,&quot;credit&quot;:&quot;&quot;,&quot;camera&quot;:&quot;iPhone&quot;,&quot;caption&quot;:&quot;&quot;,&quot;created_timestamp&quot;:&quot;1275827004&quot;,&quot;copyright&quot;:&quot;&quot;,&quot;focal_length&quot;:&quot;0&quot;,&quot;iso&quot;:&quot;0&quot;,&quot;shutter_speed&quot;:&quot;0&quot;,&quot;title&quot;:&quot;&quot;}\" data-image-title=\"Kai-Cabrio_portait\" data-image-description=\"\" data-image-caption=\"\" data-large-file=\"https:\/\/i0.wp.com\/cachemyday.kaineuhaus.com\/wordpress\/wp-content\/uploads\/2012\/08\/Kai-Cabrio_portait.jpg?fit=600%2C800&amp;ssl=1\" class=\"alignleft  wp-image-146\" title=\"Kai-Cabrio_portait\" src=\"https:\/\/i0.wp.com\/www.cachemyday.de\/wordpress\/wp-content\/uploads\/2012\/08\/Kai-Cabrio_portait-225x300.jpg?resize=95%2C126\" alt=\"\" width=\"95\" height=\"126\" srcset=\"https:\/\/i0.wp.com\/cachemyday.kaineuhaus.com\/wordpress\/wp-content\/uploads\/2012\/08\/Kai-Cabrio_portait.jpg?resize=225%2C300&amp;ssl=1 225w, https:\/\/i0.wp.com\/cachemyday.kaineuhaus.com\/wordpress\/wp-content\/uploads\/2012\/08\/Kai-Cabrio_portait.jpg?w=600&amp;ssl=1 600w\" sizes=\"auto, (max-width: 95px) 100vw, 95px\" \/><\/a><\/p>\n<p style=\"text-align: justify;\">Na zuerst ich, ja ich wei\u00df, der Esel&#8230; etc. Aber HIER darf ich \ud83d\ude09<br \/>\nIch in meinen Cachermobil unterwegs, so muss da sein (vorallem im Sommer). Bj\u00f6rn und Birgit bzw. Nils haben mich im Februar \/\u00a0M\u00e4rz &#8217;10 angesteckt, seitdem sind alle Sonntage eigentlich fest verplant. Ach ja, Bj\u00f6rn und Birgit, eigentlich bin ich mit denen immer unterwegs, zu Anfangs fast nur Multis, sp\u00e4ter auch mal hier und da einige Tradi-Touren.<\/p>\n<p style=\"text-align: justify;\"><em><a href=\"https:\/\/i0.wp.com\/www.cachemyday.de\/wordpress\/wp-content\/uploads\/2012\/08\/Bj%C3%B6rn_portait.jpg\" rel=\"lightbox[143]\"><img data-recalc-dims=\"1\" loading=\"lazy\" decoding=\"async\" data-attachment-id=\"149\" data-permalink=\"https:\/\/cachemyday.kaineuhaus.com\/wordpress\/die-cacher\/bjorn_portait\/\" data-orig-file=\"https:\/\/i0.wp.com\/cachemyday.kaineuhaus.com\/wordpress\/wp-content\/uploads\/2012\/08\/Bj%C3%B6rn_portait.jpg?fit=631%2C641&amp;ssl=1\" data-orig-size=\"631,641\" data-comments-opened=\"1\" data-image-meta=\"{&quot;aperture&quot;:&quot;20&quot;,&quot;credit&quot;:&quot;&quot;,&quot;camera&quot;:&quot;Canon EOS 500D&quot;,&quot;caption&quot;:&quot;&quot;,&quot;created_timestamp&quot;:&quot;1269785309&quot;,&quot;copyright&quot;:&quot;&quot;,&quot;focal_length&quot;:&quot;32&quot;,&quot;iso&quot;:&quot;250&quot;,&quot;shutter_speed&quot;:&quot;0.025&quot;,&quot;title&quot;:&quot;&quot;}\" data-image-title=\"Bj\u00f6rn_portait\" data-image-description=\"\" data-image-caption=\"\" data-large-file=\"https:\/\/i0.wp.com\/cachemyday.kaineuhaus.com\/wordpress\/wp-content\/uploads\/2012\/08\/Bj%C3%B6rn_portait.jpg?fit=631%2C641&amp;ssl=1\" class=\"wp-image-149 alignright\" title=\"Bj\u00f6rn_portait\" src=\"https:\/\/i0.wp.com\/www.cachemyday.de\/wordpress\/wp-content\/uploads\/2012\/08\/Bj%C3%B6rn_portait-150x150.jpg?resize=105%2C105\" alt=\"\" width=\"105\" height=\"105\" srcset=\"https:\/\/i0.wp.com\/cachemyday.kaineuhaus.com\/wordpress\/wp-content\/uploads\/2012\/08\/Bj%C3%B6rn_portait.jpg?resize=150%2C150&amp;ssl=1 150w, https:\/\/i0.wp.com\/cachemyday.kaineuhaus.com\/wordpress\/wp-content\/uploads\/2012\/08\/Bj%C3%B6rn_portait.jpg?zoom=2&amp;resize=105%2C105&amp;ssl=1 210w, https:\/\/i0.wp.com\/cachemyday.kaineuhaus.com\/wordpress\/wp-content\/uploads\/2012\/08\/Bj%C3%B6rn_portait.jpg?zoom=3&amp;resize=105%2C105&amp;ssl=1 315w\" sizes=\"auto, (max-width: 105px) 100vw, 105px\" \/><\/a><\/em><\/p>\n<p style=\"text-align: justify;\">\n<p style=\"text-align: justify;\">Bj\u00f6rn, unser Speed-Cacher &#8211; immer die CPH im Auge (Cache per Hour). W\u00fcrde am liebsten schon den n\u00e4chsten einloggen, BEVOR er den Cache vor unserer Nase ausgebuddelt hat.<em><\/em><\/p>\n<p style=\"text-align: justify;\"><em><a href=\"https:\/\/i0.wp.com\/www.cachemyday.de\/wordpress\/wp-content\/uploads\/2012\/08\/Birgit_portrait.jpg\" rel=\"lightbox[143]\"><img data-recalc-dims=\"1\" loading=\"lazy\" decoding=\"async\" data-attachment-id=\"148\" data-permalink=\"https:\/\/cachemyday.kaineuhaus.com\/wordpress\/die-cacher\/birgit_portrait\/\" data-orig-file=\"https:\/\/i0.wp.com\/cachemyday.kaineuhaus.com\/wordpress\/wp-content\/uploads\/2012\/08\/Birgit_portrait.jpg?fit=631%2C641&amp;ssl=1\" data-orig-size=\"631,641\" data-comments-opened=\"1\" data-image-meta=\"{&quot;aperture&quot;:&quot;2.8&quot;,&quot;credit&quot;:&quot;&quot;,&quot;camera&quot;:&quot;iPhone&quot;,&quot;caption&quot;:&quot;&quot;,&quot;created_timestamp&quot;:&quot;1270389721&quot;,&quot;copyright&quot;:&quot;&quot;,&quot;focal_length&quot;:&quot;0&quot;,&quot;iso&quot;:&quot;0&quot;,&quot;shutter_speed&quot;:&quot;0&quot;,&quot;title&quot;:&quot;&quot;}\" data-image-title=\"Birgit_portrait\" data-image-description=\"\" data-image-caption=\"\" data-large-file=\"https:\/\/i0.wp.com\/cachemyday.kaineuhaus.com\/wordpress\/wp-content\/uploads\/2012\/08\/Birgit_portrait.jpg?fit=631%2C641&amp;ssl=1\" class=\"alignleft  wp-image-148\" title=\"Birgit_portrait\" src=\"https:\/\/i0.wp.com\/www.cachemyday.de\/wordpress\/wp-content\/uploads\/2012\/08\/Birgit_portrait-150x150.jpg?resize=105%2C105\" alt=\"\" width=\"105\" height=\"105\" srcset=\"https:\/\/i0.wp.com\/cachemyday.kaineuhaus.com\/wordpress\/wp-content\/uploads\/2012\/08\/Birgit_portrait.jpg?resize=150%2C150&amp;ssl=1 150w, https:\/\/i0.wp.com\/cachemyday.kaineuhaus.com\/wordpress\/wp-content\/uploads\/2012\/08\/Birgit_portrait.jpg?zoom=2&amp;resize=105%2C105&amp;ssl=1 210w, https:\/\/i0.wp.com\/cachemyday.kaineuhaus.com\/wordpress\/wp-content\/uploads\/2012\/08\/Birgit_portrait.jpg?zoom=3&amp;resize=105%2C105&amp;ssl=1 315w\" sizes=\"auto, (max-width: 105px) 100vw, 105px\" \/><\/a><\/em><\/p>\n<p>Mit dabei nat\u00fcrlich Birgit. Immer leckere Sachen, z.b. Muffins oder Kuchen dabei. Ab und zu hilft sie uns auch aus der Patsche und zeigt uns, wo&#8217;s langgeht &#8211; au\u00dfer das GPS ist mit der Richtung sehr entscheidungsfreudig &#8211; Technik halt.<\/p>\n<p style=\"text-align: justify;\">\n<p style=\"text-align: justify;\"><em><a href=\"https:\/\/i0.wp.com\/www.cachemyday.de\/wordpress\/wp-content\/uploads\/2012\/08\/Nils_portait.jpg\" rel=\"lightbox[143]\"><img data-recalc-dims=\"1\" loading=\"lazy\" decoding=\"async\" data-attachment-id=\"150\" data-permalink=\"https:\/\/cachemyday.kaineuhaus.com\/wordpress\/die-cacher\/nils_portait\/\" data-orig-file=\"https:\/\/i0.wp.com\/cachemyday.kaineuhaus.com\/wordpress\/wp-content\/uploads\/2012\/08\/Nils_portait.jpg?fit=1600%2C1200&amp;ssl=1\" data-orig-size=\"1600,1200\" data-comments-opened=\"1\" data-image-meta=\"{&quot;aperture&quot;:&quot;2.8&quot;,&quot;credit&quot;:&quot;Picasa 3.0&quot;,&quot;camera&quot;:&quot;Canon DIGITAL IXUS 60&quot;,&quot;caption&quot;:&quot;&quot;,&quot;created_timestamp&quot;:&quot;1270995306&quot;,&quot;copyright&quot;:&quot;&quot;,&quot;focal_length&quot;:&quot;5.8&quot;,&quot;iso&quot;:&quot;0&quot;,&quot;shutter_speed&quot;:&quot;0.016666666666667&quot;,&quot;title&quot;:&quot;&quot;}\" data-image-title=\"Nils_portait\" data-image-description=\"\" data-image-caption=\"\" data-large-file=\"https:\/\/i0.wp.com\/cachemyday.kaineuhaus.com\/wordpress\/wp-content\/uploads\/2012\/08\/Nils_portait.jpg?fit=1024%2C768&amp;ssl=1\" class=\"alignright  wp-image-150\" title=\"Nils_portait\" src=\"https:\/\/i0.wp.com\/www.cachemyday.de\/wordpress\/wp-content\/uploads\/2012\/08\/Nils_portait-150x150.jpg?resize=105%2C105\" alt=\"\" width=\"105\" height=\"105\" srcset=\"https:\/\/i0.wp.com\/cachemyday.kaineuhaus.com\/wordpress\/wp-content\/uploads\/2012\/08\/Nils_portait.jpg?resize=150%2C150&amp;ssl=1 150w, https:\/\/i0.wp.com\/cachemyday.kaineuhaus.com\/wordpress\/wp-content\/uploads\/2012\/08\/Nils_portait.jpg?zoom=2&amp;resize=105%2C105&amp;ssl=1 210w, https:\/\/i0.wp.com\/cachemyday.kaineuhaus.com\/wordpress\/wp-content\/uploads\/2012\/08\/Nils_portait.jpg?zoom=3&amp;resize=105%2C105&amp;ssl=1 315w\" sizes=\"auto, (max-width: 105px) 100vw, 105px\" \/><\/a><\/em>Und ebenfalls nat\u00fcrlich unser Nils &#8211; er ist schuld. Also generell, auch am Geocaching, er kam irgendwann damit um die Ecke und hat uns alle angesteckt. Seit her ist er nat\u00fcrlich auch dabei, wenn es seine Zeit erlaubt. Family hat ja nunmal (seit einiger Zeit) Vorrang &#8211; ist auch ok (wirklich Nils !). Ab und zu lassen die beiden kleinen Menschen sich aber auch mal incl. Mama zu einer Cacher-Tour begeistern und kommen mit (immer willkommen).<\/p>\n<p style=\"text-align: justify;\"><a href=\"https:\/\/i0.wp.com\/www.cachemyday.de\/wordpress\/wp-content\/uploads\/2012\/08\/Bert_portrait.jpg\" rel=\"lightbox[143]\"><img data-recalc-dims=\"1\" loading=\"lazy\" decoding=\"async\" data-attachment-id=\"147\" data-permalink=\"https:\/\/cachemyday.kaineuhaus.com\/wordpress\/die-cacher\/bert_portrait\/\" data-orig-file=\"https:\/\/i0.wp.com\/cachemyday.kaineuhaus.com\/wordpress\/wp-content\/uploads\/2012\/08\/Bert_portrait.jpg?fit=600%2C600&amp;ssl=1\" data-orig-size=\"600,600\" data-comments-opened=\"1\" data-image-meta=\"{&quot;aperture&quot;:&quot;2.8&quot;,&quot;credit&quot;:&quot;&quot;,&quot;camera&quot;:&quot;Canon DIGITAL IXUS 870 IS&quot;,&quot;caption&quot;:&quot;&quot;,&quot;created_timestamp&quot;:&quot;1269783117&quot;,&quot;copyright&quot;:&quot;&quot;,&quot;focal_length&quot;:&quot;5&quot;,&quot;iso&quot;:&quot;80&quot;,&quot;shutter_speed&quot;:&quot;0.0125&quot;,&quot;title&quot;:&quot;&quot;}\" data-image-title=\"Bert_portrait\" data-image-description=\"\" data-image-caption=\"\" data-large-file=\"https:\/\/i0.wp.com\/cachemyday.kaineuhaus.com\/wordpress\/wp-content\/uploads\/2012\/08\/Bert_portrait.jpg?fit=600%2C600&amp;ssl=1\" class=\"alignleft  wp-image-147\" style=\"margin: 3px;\" title=\"Bert_portrait\" src=\"https:\/\/i0.wp.com\/www.cachemyday.de\/wordpress\/wp-content\/uploads\/2012\/08\/Bert_portrait-150x150.jpg?resize=105%2C105\" alt=\"\" width=\"105\" height=\"105\" srcset=\"https:\/\/i0.wp.com\/cachemyday.kaineuhaus.com\/wordpress\/wp-content\/uploads\/2012\/08\/Bert_portrait.jpg?resize=150%2C150&amp;ssl=1 150w, https:\/\/i0.wp.com\/cachemyday.kaineuhaus.com\/wordpress\/wp-content\/uploads\/2012\/08\/Bert_portrait.jpg?resize=300%2C300&amp;ssl=1 300w, https:\/\/i0.wp.com\/cachemyday.kaineuhaus.com\/wordpress\/wp-content\/uploads\/2012\/08\/Bert_portrait.jpg?w=600&amp;ssl=1 600w\" sizes=\"auto, (max-width: 105px) 100vw, 105px\" \/><\/a>Bert, wer sonst. Wenn Zeit da ist, stolpert er auch mit uns durch den Wald und hilft uns direkt an der Dose vorbeizur\u00e4tseln. Ab und an bringt er auch seinen Nachwuchs mit (Cacher in Ausbildung), das macht dann nochmal mehr Spass. Vorallem k\u00f6nnen wir dann sich sein, da\u00df wir anderen was von dem Naschpaket abkriegen (was auch gern mal nen Gem\u00fcse\/Obst-St\u00fcck sein darf). Aber nat\u00fcrlich immer gern mit dabei, 2 Augenpaare mehr helfen dann doch mal, wenn wir blind vor der 2m\u00b2 Dose stehen.<em><\/em><\/p>\n","protected":false},"excerpt":{"rendered":"<p>Using multi-million dollar satelites to find tupperware in the wood ! Was geocaching ist ? In deutsch kannst du das hier nachlesen. Im Gro\u00dfen und Ganzen treiben wir uns eigentlich auf geocaching.com (daher auch das &#8211; leicht modifizierte Logo) rum, bzw. ziehen uns da unsere Updates zum Cachen ! Wer ist denn wir ? Na [&hellip;]<\/p>\n","protected":false},"author":1,"featured_media":0,"parent":0,"menu_order":0,"comment_status":"closed","ping_status":"closed","template":"","meta":{"ngg_post_thumbnail":0,"jetpack_post_was_ever_published":false,"footnotes":""},"class_list":["post-143","page","type-page","status-publish","hentry"],"jetpack_sharing_enabled":true,"jetpack_shortlink":"https:\/\/wp.me\/P2I3kZ-2j","_links":{"self":[{"href":"https:\/\/cachemyday.kaineuhaus.com\/wordpress\/wp-json\/wp\/v2\/pages\/143","targetHints":{"allow":["GET"]}}],"collection":[{"href":"https:\/\/cachemyday.kaineuhaus.com\/wordpress\/wp-json\/wp\/v2\/pages"}],"about":[{"href":"https:\/\/cachemyday.kaineuhaus.com\/wordpress\/wp-json\/wp\/v2\/types\/page"}],"author":[{"embeddable":true,"href":"https:\/\/cachemyday.kaineuhaus.com\/wordpress\/wp-json\/wp\/v2\/users\/1"}],"replies":[{"embeddable":true,"href":"https:\/\/cachemyday.kaineuhaus.com\/wordpress\/wp-json\/wp\/v2\/comments?post=143"}],"version-history":[{"count":61,"href":"https:\/\/cachemyday.kaineuhaus.com\/wordpress\/wp-json\/wp\/v2\/pages\/143\/revisions"}],"predecessor-version":[{"id":209,"href":"https:\/\/cachemyday.kaineuhaus.com\/wordpress\/wp-json\/wp\/v2\/pages\/143\/revisions\/209"}],"wp:attachment":[{"href":"https:\/\/cachemyday.kaineuhaus.com\/wordpress\/wp-json\/wp\/v2\/media?parent=143"}],"curies":[{"name":"wp","href":"https:\/\/api.w.org\/{rel}","templated":true}]}}